{"id":29793,"date":"2023-07-03T10:11:32","date_gmt":"2023-07-03T08:11:32","guid":{"rendered":"https:\/\/weingut-wess.at\/?page_id=29793"},"modified":"2025-04-28T16:52:27","modified_gmt":"2025-04-28T14:52:27","slug":"barrierefreiheitserklaerung","status":"publish","type":"page","link":"https:\/\/weingut-wess.at\/en\/barrierefreiheitserklaerung\/","title":{"rendered":"Accessibility declaration"},"content":{"rendered":"<div class=\"gb-container gb-container-38b64599\">\n\n<p>Ms Christina Juen-Wess endeavours to make your website accessible in accordance with the Federal Act on Barrier-free Access to Federal Websites and Mobile Applications (Web Accessibility Act - WZG) BGBl. I. Nr. 59\/2019 idgF, to make it accessible without barriers.<\/p>\n\n\n\n<p>Diese Erkl\u00e4rung zur Barrierefreiheit gilt f\u00fcr weingut-wess.at.<\/p>\n\n\n\n<h3 class=\"wp-block-heading\">Status of compatibility with the requirements<\/h3>\n\n\n\n<p>This website is fully compliant with compliance level AA of the \"Web Content Accessibility Guidelines - WCAG 2.1\" or with the applicable European Standard EN 301 549 V3.2.1 (2021-03) under Directive (EU) 2016\/2102 of the European Parliament and of the Council.<\/p>\n\n\n\n<h3 class=\"wp-block-heading\">Preparation of the accessibility statement<\/h3>\n\n\n\n<p>This declaration was issued on 04 July 2023.<\/p>\n\n\n\n<p>The declaration was made on the basis of a&nbsp;<a rel=\"noreferrer noopener\" href=\"https:\/\/www.digital-now.at\/\" target=\"_blank\">digital now marketing gmbh<\/a>&nbsp;The valuation is based on the results of the valuation carried out.<\/p>\n\n\n\n<p>This statement was last reviewed on 04 July 2023.<\/p>\n\n\n\n<h3 class=\"wp-block-heading\">Feedback and contact details<\/h3>\n\n\n\n<p>Your feedback is important to us. We ask you to inform us of any deficiencies in terms of accessibility compliance.&nbsp;<\/p>\n\n\n\n<p><\/p>\n\n<\/div>","protected":false},"excerpt":{"rendered":"<p>Frau Christina Juen-Wess ist bem\u00fcht, Ihre Webseite im Einklang mit dem Bundesgesetz \u00fcber den barrierefreien Zugang zu Websites und mobilen Anwendungen des Bundes (Web-Zug\u00e4nglichkeits-Gesetz \u2013 WZG) BGBl. I. Nr. 59\/2019 idgF, barrierefrei zug\u00e4nglich zu machen. Diese Erkl\u00e4rung zur Barrierefreiheit gilt f\u00fcr weingut-wess.at. Stand der Vereinbarkeit mit den Anforderungen Diese Webseite ist mit der Konformit\u00e4tsstufe AA &#8230; <a title=\"Accessibility declaration\" class=\"read-more\" href=\"https:\/\/weingut-wess.at\/en\/barrierefreiheitserklaerung\/\" aria-label=\"Read more about Accessibility declaration\">Read more<\/a><\/p>","protected":false},"author":3,"featured_media":0,"parent":0,"menu_order":0,"comment_status":"closed","ping_status":"closed","template":"","meta":{"_acf_changed":false,"inline_featured_image":false,"footnotes":""},"class_list":["post-29793","page","type-page","status-publish"],"acf":[],"_links":{"self":[{"href":"https:\/\/weingut-wess.at\/en\/wp-json\/wp\/v2\/pages\/29793","targetHints":{"allow":["GET"]}}],"collection":[{"href":"https:\/\/weingut-wess.at\/en\/wp-json\/wp\/v2\/pages"}],"about":[{"href":"https:\/\/weingut-wess.at\/en\/wp-json\/wp\/v2\/types\/page"}],"author":[{"embeddable":true,"href":"https:\/\/weingut-wess.at\/en\/wp-json\/wp\/v2\/users\/3"}],"replies":[{"embeddable":true,"href":"https:\/\/weingut-wess.at\/en\/wp-json\/wp\/v2\/comments?post=29793"}],"version-history":[{"count":3,"href":"https:\/\/weingut-wess.at\/en\/wp-json\/wp\/v2\/pages\/29793\/revisions"}],"predecessor-version":[{"id":30081,"href":"https:\/\/weingut-wess.at\/en\/wp-json\/wp\/v2\/pages\/29793\/revisions\/30081"}],"wp:attachment":[{"href":"https:\/\/weingut-wess.at\/en\/wp-json\/wp\/v2\/media?parent=29793"}],"curies":[{"name":"wp","href":"https:\/\/api.w.org\/{rel}","templated":true}]}}